{"id":804,"date":"2023-05-02T11:16:02","date_gmt":"2023-05-02T11:16:02","guid":{"rendered":"https:\/\/www.mdptrojmiasto.org\/?page_id=804"},"modified":"2023-05-02T11:23:02","modified_gmt":"2023-05-02T11:23:02","slug":"janusz-rucinski","status":"publish","type":"page","link":"https:\/\/www.mdptrojmiasto.org\/index.php\/janusz-rucinski\/","title":{"rendered":"Janusz Ruci\u0144ski"},"content":{"rendered":"\n<h2 class=\"wp-block-heading\">Cz\u0142onek Zarz\u0105du<\/h2>\n\n\n\n<figure class=\"wp-block-image size-large\"><img decoding=\"async\" loading=\"lazy\" width=\"1024\" height=\"422\" src=\"https:\/\/www.mdptrojmiasto.org\/wp-content\/uploads\/2023\/02\/48397769_774786246218978_5912644505877610496_n-e1683026363853-1024x422.jpg\" alt=\"\" class=\"wp-image-96\" srcset=\"https:\/\/www.mdptrojmiasto.org\/wp-content\/uploads\/2023\/02\/48397769_774786246218978_5912644505877610496_n-e1683026363853-1024x422.jpg 1024w, https:\/\/www.mdptrojmiasto.org\/wp-content\/uploads\/2023\/02\/48397769_774786246218978_5912644505877610496_n-e1683026363853-300x124.jpg 300w, https:\/\/www.mdptrojmiasto.org\/wp-content\/uploads\/2023\/02\/48397769_774786246218978_5912644505877610496_n-e1683026363853-768x316.jpg 768w, https:\/\/www.mdptrojmiasto.org\/wp-content\/uploads\/2023\/02\/48397769_774786246218978_5912644505877610496_n-e1683026363853-600x247.jpg 600w, https:\/\/www.mdptrojmiasto.org\/wp-content\/uploads\/2023\/02\/48397769_774786246218978_5912644505877610496_n-e1683026363853.jpg 1306w\" sizes=\"(max-width: 1024px) 100vw, 1024px\" \/><\/figure>\n\n\n\n<p>Absolwent Uniwersytetu Gda\u0144skiego na kierunku: politologia. Wieloletni dzia\u0142acz organizacji III sektora. W przesz\u0142o\u015bci zaanga\u017cowany w inicjatywy maj\u0105ce na celu upami\u0119tnienie \u017bo\u0142nierzy Wykl\u0119tych &#8211; Stowarzyszenia M\u0142odzi Dla Polski oraz Fundacji M\u0142odzi Dla Polski Tr\u00f3jmiasto. M.in. w: Marsz Pileckiego w Gda\u0144sku, Bieg Tropem Wilczym w Gda\u0144sku, panel dyskusyjny z okazji Narodowego Dnia \u017bo\u0142nierzy Wykl\u0119tych \u2013 \u201eIch dzia\u0142alno\u015b\u0107 wtedy, a moja rola dzisiaj\u201d czy koordynator projektu pt.&#8221;4859 &#8211; Geniusz, bohater, cz\u0142owiek. Koncert ku czci i mi\u0119dzynarodowa akcja informacyjna nt. Rotmistrza Witolda Pileckiego z okazji 75 rocznicy wyzwolenia Auschwitz-Birkenau&#8221;. Ma do\u015bwiadczenie w zarz\u0105dzaniu Fundacj\u0105 i realizacji projekt\u00f3w finansowanych ze \u015brodk\u00f3w publicznych.<\/p>\n","protected":false},"excerpt":{"rendered":"<p>Cz\u0142onek Zarz\u0105du Absolwent Uniwersytetu Gda\u0144skiego na kierunku: politologia. Wieloletni dzia\u0142acz organizacji III sektora. W przesz\u0142o\u015bci zaanga\u017cowany w inicjatywy maj\u0105ce na celu upami\u0119tnienie \u017bo\u0142nierzy Wykl\u0119tych &#8211; Stowarzyszenia M\u0142odzi Dla Polski oraz Fundacji M\u0142odzi Dla Polski Tr\u00f3jmiasto. M.in. w: Marsz Pileckiego w Gda\u0144sku, Bieg Tropem Wilczym w Gda\u0144sku, panel dyskusyjny z okazji [&hellip;]<\/p>\n","protected":false},"author":1,"featured_media":96,"parent":0,"menu_order":0,"comment_status":"closed","ping_status":"closed","template":"","meta":[],"yoast_head":"<!-- This site is optimized with the Yoast SEO plugin v20.6 - https:\/\/yoast.com\/wordpress\/plugins\/seo\/ -->\n<title>Janusz Ruci\u0144ski - Fundacja M\u0142odzi dla Polski Tr&oacute;jmiasto<\/title>\n<meta name=\"robots\" content=\"index, follow, max-snippet:-1, max-image-preview:large, max-video-preview:-1\" \/>\n<link rel=\"canonical\" href=\"https:\/\/www.mdptrojmiasto.org\/index.php\/janusz-rucinski\/\" \/>\n<meta property=\"og:locale\" content=\"pl_PL\" \/>\n<meta property=\"og:type\" content=\"article\" \/>\n<meta property=\"og:title\" content=\"Janusz Ruci\u0144ski - Fundacja M\u0142odzi dla Polski Tr&oacute;jmiasto\" \/>\n<meta property=\"og:description\" content=\"Cz\u0142onek Zarz\u0105du Absolwent Uniwersytetu Gda\u0144skiego na kierunku: politologia. Wieloletni dzia\u0142acz organizacji III sektora. W przesz\u0142o\u015bci zaanga\u017cowany w inicjatywy maj\u0105ce na celu upami\u0119tnienie \u017bo\u0142nierzy Wykl\u0119tych &#8211; Stowarzyszenia M\u0142odzi Dla Polski oraz Fundacji M\u0142odzi Dla Polski Tr\u00f3jmiasto. M.in. w: Marsz Pileckiego w Gda\u0144sku, Bieg Tropem Wilczym w Gda\u0144sku, panel dyskusyjny z okazji [&hellip;]\" \/>\n<meta property=\"og:url\" content=\"https:\/\/www.mdptrojmiasto.org\/index.php\/janusz-rucinski\/\" \/>\n<meta property=\"og:site_name\" content=\"Fundacja M\u0142odzi dla Polski Tr&oacute;jmiasto\" \/>\n<meta property=\"article:publisher\" content=\"https:\/\/www.facebook.com\/mdptrojmiasto\" \/>\n<meta property=\"article:modified_time\" content=\"2023-05-02T11:23:02+00:00\" \/>\n<meta property=\"og:image\" content=\"https:\/\/www.mdptrojmiasto.org\/wp-content\/uploads\/2023\/02\/48397769_774786246218978_5912644505877610496_n-e1683026363853.jpg\" \/>\n\t<meta property=\"og:image:width\" content=\"1306\" \/>\n\t<meta property=\"og:image:height\" content=\"538\" \/>\n\t<meta property=\"og:image:type\" content=\"image\/jpeg\" \/>\n<meta name=\"twitter:card\" content=\"summary_large_image\" \/>\n<meta name=\"twitter:site\" content=\"@MlodzidlaPolski\" \/>\n<meta name=\"twitter:label1\" content=\"Szacowany czas czytania\" \/>\n\t<meta name=\"twitter:data1\" content=\"1 minuta\" \/>\n<script type=\"application\/ld+json\" class=\"yoast-schema-graph\">{\"@context\":\"https:\/\/schema.org\",\"@graph\":[{\"@type\":\"WebPage\",\"@id\":\"https:\/\/www.mdptrojmiasto.org\/index.php\/janusz-rucinski\/\",\"url\":\"https:\/\/www.mdptrojmiasto.org\/index.php\/janusz-rucinski\/\",\"name\":\"Janusz Ruci\u0144ski - Fundacja M\u0142odzi dla Polski Tr&oacute;jmiasto\",\"isPartOf\":{\"@id\":\"https:\/\/www.mdptrojmiasto.org\/#website\"},\"datePublished\":\"2023-05-02T11:16:02+00:00\",\"dateModified\":\"2023-05-02T11:23:02+00:00\",\"breadcrumb\":{\"@id\":\"https:\/\/www.mdptrojmiasto.org\/index.php\/janusz-rucinski\/#breadcrumb\"},\"inLanguage\":\"pl-PL\",\"potentialAction\":[{\"@type\":\"ReadAction\",\"target\":[\"https:\/\/www.mdptrojmiasto.org\/index.php\/janusz-rucinski\/\"]}]},{\"@type\":\"BreadcrumbList\",\"@id\":\"https:\/\/www.mdptrojmiasto.org\/index.php\/janusz-rucinski\/#breadcrumb\",\"itemListElement\":[{\"@type\":\"ListItem\",\"position\":1,\"name\":\"Strona g\u0142\u00f3wna\",\"item\":\"https:\/\/www.mdptrojmiasto.org\/\"},{\"@type\":\"ListItem\",\"position\":2,\"name\":\"Janusz Ruci\u0144ski\"}]},{\"@type\":\"WebSite\",\"@id\":\"https:\/\/www.mdptrojmiasto.org\/#website\",\"url\":\"https:\/\/www.mdptrojmiasto.org\/\",\"name\":\"Fundacja M\u0142odzi dla Polski Tr&oacute;jmiasto\",\"description\":\"Tworzymy wsp&oacute;lnot\u0119, dbamy o histori\u0119, jeste\u015bmy przysz\u0142o\u015bci\u0105.\",\"publisher\":{\"@id\":\"https:\/\/www.mdptrojmiasto.org\/#organization\"},\"alternateName\":\"M\u0142odzi dla Polski\",\"potentialAction\":[{\"@type\":\"SearchAction\",\"target\":{\"@type\":\"EntryPoint\",\"urlTemplate\":\"https:\/\/www.mdptrojmiasto.org\/?s={search_term_string}\"},\"query-input\":\"required name=search_term_string\"}],\"inLanguage\":\"pl-PL\"},{\"@type\":\"Organization\",\"@id\":\"https:\/\/www.mdptrojmiasto.org\/#organization\",\"name\":\"M\u0142odzi dla Polski Tr\u00f3jmiasto\",\"alternateName\":\"M\u0142odzi dla Polski\",\"url\":\"https:\/\/www.mdptrojmiasto.org\/\",\"logo\":{\"@type\":\"ImageObject\",\"inLanguage\":\"pl-PL\",\"@id\":\"https:\/\/www.mdptrojmiasto.org\/#\/schema\/logo\/image\/\",\"url\":\"https:\/\/www.mdptrojmiasto.org\/wp-content\/uploads\/2023\/02\/cropped-cropped-cropped-MDP_TROJMIASTO_LOGO_3-removebg-preview-e1682971553680.png\",\"contentUrl\":\"https:\/\/www.mdptrojmiasto.org\/wp-content\/uploads\/2023\/02\/cropped-cropped-cropped-MDP_TROJMIASTO_LOGO_3-removebg-preview-e1682971553680.png\",\"width\":419,\"height\":419,\"caption\":\"M\u0142odzi dla Polski Tr\u00f3jmiasto\"},\"image\":{\"@id\":\"https:\/\/www.mdptrojmiasto.org\/#\/schema\/logo\/image\/\"},\"sameAs\":[\"https:\/\/www.facebook.com\/mdptrojmiasto\",\"https:\/\/twitter.com\/MlodzidlaPolski\",\"https:\/\/www.youtube.com\/channel\/UCNbWX3lFH9VJ2Erax_Gkxqg\",\"https:\/\/www.instagram.com\/mlodzidlapolskitrojmiasto\/\"]}]}<\/script>\n<!-- \/ Yoast SEO plugin. -->","yoast_head_json":{"title":"Janusz Ruci\u0144ski - Fundacja M\u0142odzi dla Polski Tr&oacute;jmiasto","robots":{"index":"index","follow":"follow","max-snippet":"max-snippet:-1","max-image-preview":"max-image-preview:large","max-video-preview":"max-video-preview:-1"},"canonical":"https:\/\/www.mdptrojmiasto.org\/index.php\/janusz-rucinski\/","og_locale":"pl_PL","og_type":"article","og_title":"Janusz Ruci\u0144ski - Fundacja M\u0142odzi dla Polski Tr&oacute;jmiasto","og_description":"Cz\u0142onek Zarz\u0105du Absolwent Uniwersytetu Gda\u0144skiego na kierunku: politologia. Wieloletni dzia\u0142acz organizacji III sektora. W przesz\u0142o\u015bci zaanga\u017cowany w inicjatywy maj\u0105ce na celu upami\u0119tnienie \u017bo\u0142nierzy Wykl\u0119tych &#8211; Stowarzyszenia M\u0142odzi Dla Polski oraz Fundacji M\u0142odzi Dla Polski Tr\u00f3jmiasto. M.in. w: Marsz Pileckiego w Gda\u0144sku, Bieg Tropem Wilczym w Gda\u0144sku, panel dyskusyjny z okazji [&hellip;]","og_url":"https:\/\/www.mdptrojmiasto.org\/index.php\/janusz-rucinski\/","og_site_name":"Fundacja M\u0142odzi dla Polski Tr&oacute;jmiasto","article_publisher":"https:\/\/www.facebook.com\/mdptrojmiasto","article_modified_time":"2023-05-02T11:23:02+00:00","og_image":[{"width":1306,"height":538,"url":"https:\/\/www.mdptrojmiasto.org\/wp-content\/uploads\/2023\/02\/48397769_774786246218978_5912644505877610496_n-e1683026363853.jpg","type":"image\/jpeg"}],"twitter_card":"summary_large_image","twitter_site":"@MlodzidlaPolski","twitter_misc":{"Szacowany czas czytania":"1 minuta"},"schema":{"@context":"https:\/\/schema.org","@graph":[{"@type":"WebPage","@id":"https:\/\/www.mdptrojmiasto.org\/index.php\/janusz-rucinski\/","url":"https:\/\/www.mdptrojmiasto.org\/index.php\/janusz-rucinski\/","name":"Janusz Ruci\u0144ski - Fundacja M\u0142odzi dla Polski Tr&oacute;jmiasto","isPartOf":{"@id":"https:\/\/www.mdptrojmiasto.org\/#website"},"datePublished":"2023-05-02T11:16:02+00:00","dateModified":"2023-05-02T11:23:02+00:00","breadcrumb":{"@id":"https:\/\/www.mdptrojmiasto.org\/index.php\/janusz-rucinski\/#breadcrumb"},"inLanguage":"pl-PL","potentialAction":[{"@type":"ReadAction","target":["https:\/\/www.mdptrojmiasto.org\/index.php\/janusz-rucinski\/"]}]},{"@type":"BreadcrumbList","@id":"https:\/\/www.mdptrojmiasto.org\/index.php\/janusz-rucinski\/#breadcrumb","itemListElement":[{"@type":"ListItem","position":1,"name":"Strona g\u0142\u00f3wna","item":"https:\/\/www.mdptrojmiasto.org\/"},{"@type":"ListItem","position":2,"name":"Janusz Ruci\u0144ski"}]},{"@type":"WebSite","@id":"https:\/\/www.mdptrojmiasto.org\/#website","url":"https:\/\/www.mdptrojmiasto.org\/","name":"Fundacja M\u0142odzi dla Polski Tr&oacute;jmiasto","description":"Tworzymy wsp&oacute;lnot\u0119, dbamy o histori\u0119, jeste\u015bmy przysz\u0142o\u015bci\u0105.","publisher":{"@id":"https:\/\/www.mdptrojmiasto.org\/#organization"},"alternateName":"M\u0142odzi dla Polski","potentialAction":[{"@type":"SearchAction","target":{"@type":"EntryPoint","urlTemplate":"https:\/\/www.mdptrojmiasto.org\/?s={search_term_string}"},"query-input":"required name=search_term_string"}],"inLanguage":"pl-PL"},{"@type":"Organization","@id":"https:\/\/www.mdptrojmiasto.org\/#organization","name":"M\u0142odzi dla Polski Tr\u00f3jmiasto","alternateName":"M\u0142odzi dla Polski","url":"https:\/\/www.mdptrojmiasto.org\/","logo":{"@type":"ImageObject","inLanguage":"pl-PL","@id":"https:\/\/www.mdptrojmiasto.org\/#\/schema\/logo\/image\/","url":"https:\/\/www.mdptrojmiasto.org\/wp-content\/uploads\/2023\/02\/cropped-cropped-cropped-MDP_TROJMIASTO_LOGO_3-removebg-preview-e1682971553680.png","contentUrl":"https:\/\/www.mdptrojmiasto.org\/wp-content\/uploads\/2023\/02\/cropped-cropped-cropped-MDP_TROJMIASTO_LOGO_3-removebg-preview-e1682971553680.png","width":419,"height":419,"caption":"M\u0142odzi dla Polski Tr\u00f3jmiasto"},"image":{"@id":"https:\/\/www.mdptrojmiasto.org\/#\/schema\/logo\/image\/"},"sameAs":["https:\/\/www.facebook.com\/mdptrojmiasto","https:\/\/twitter.com\/MlodzidlaPolski","https:\/\/www.youtube.com\/channel\/UCNbWX3lFH9VJ2Erax_Gkxqg","https:\/\/www.instagram.com\/mlodzidlapolskitrojmiasto\/"]}]}},"_links":{"self":[{"href":"https:\/\/www.mdptrojmiasto.org\/index.php\/wp-json\/wp\/v2\/pages\/804"}],"collection":[{"href":"https:\/\/www.mdptrojmiasto.org\/index.php\/wp-json\/wp\/v2\/pages"}],"about":[{"href":"https:\/\/www.mdptrojmiasto.org\/index.php\/wp-json\/wp\/v2\/types\/page"}],"author":[{"embeddable":true,"href":"https:\/\/www.mdptrojmiasto.org\/index.php\/wp-json\/wp\/v2\/users\/1"}],"replies":[{"embeddable":true,"href":"https:\/\/www.mdptrojmiasto.org\/index.php\/wp-json\/wp\/v2\/comments?post=804"}],"version-history":[{"count":4,"href":"https:\/\/www.mdptrojmiasto.org\/index.php\/wp-json\/wp\/v2\/pages\/804\/revisions"}],"predecessor-version":[{"id":808,"href":"https:\/\/www.mdptrojmiasto.org\/index.php\/wp-json\/wp\/v2\/pages\/804\/revisions\/808"}],"wp:featuredmedia":[{"embeddable":true,"href":"https:\/\/www.mdptrojmiasto.org\/index.php\/wp-json\/wp\/v2\/media\/96"}],"wp:attachment":[{"href":"https:\/\/www.mdptrojmiasto.org\/index.php\/wp-json\/wp\/v2\/media?parent=804"}],"curies":[{"name":"wp","href":"https:\/\/api.w.org\/{rel}","templated":true}]}}