{"id":782,"date":"2023-05-01T22:05:53","date_gmt":"2023-05-01T22:05:53","guid":{"rendered":"https:\/\/www.mdptrojmiasto.org\/?page_id=782"},"modified":"2023-05-01T22:34:56","modified_gmt":"2023-05-01T22:34:56","slug":"marek-dudzinski","status":"publish","type":"page","link":"https:\/\/www.mdptrojmiasto.org\/index.php\/marek-dudzinski\/","title":{"rendered":"Marek Dudzi\u0144ski"},"content":{"rendered":"\n<h2 class=\"wp-block-heading\">Prezes Zarz\u0105du<\/h2>\n\n\n\n<figure class=\"wp-block-image size-large\"><img decoding=\"async\" loading=\"lazy\" width=\"1024\" height=\"681\" src=\"https:\/\/www.mdptrojmiasto.org\/wp-content\/uploads\/2023\/04\/DSC_4358-3-1024x681.jpg\" alt=\"\" class=\"wp-image-570\" srcset=\"https:\/\/www.mdptrojmiasto.org\/wp-content\/uploads\/2023\/04\/DSC_4358-3-1024x681.jpg 1024w, https:\/\/www.mdptrojmiasto.org\/wp-content\/uploads\/2023\/04\/DSC_4358-3-300x200.jpg 300w, https:\/\/www.mdptrojmiasto.org\/wp-content\/uploads\/2023\/04\/DSC_4358-3-768x511.jpg 768w, https:\/\/www.mdptrojmiasto.org\/wp-content\/uploads\/2023\/04\/DSC_4358-3-1536x1022.jpg 1536w, https:\/\/www.mdptrojmiasto.org\/wp-content\/uploads\/2023\/04\/DSC_4358-3-2048x1363.jpg 2048w, https:\/\/www.mdptrojmiasto.org\/wp-content\/uploads\/2023\/04\/DSC_4358-3-360x240.jpg 360w, https:\/\/www.mdptrojmiasto.org\/wp-content\/uploads\/2023\/04\/DSC_4358-3-600x399.jpg 600w\" sizes=\"(max-width: 1024px) 100vw, 1024px\" \/><\/figure>\n\n\n\n<p>Marek Dudzi\u0144ski, EMBA &#8211; Prezes Zarz\u0105du Fundacji, <\/p>\n\n\n\n<ul>\n<li>od lipca 2022 do kwietnia 2023 pe\u0142ni\u0142 funkcj\u0119 Szefa Gabinetu Politycznego Ministra Zdrowia, <\/li>\n\n\n\n<li>od czerwca 2020 do czerwca 2022 r. pracowa\u0142 jako g\u0142\u00f3wny specjalista ds. analiz i planowania w Enerdze Obr\u00f3t w Grupie Orlen, <\/li>\n\n\n\n<li>od kwietnia 2018 do czerwca 2020 &#8211; G\u0142\u00f3wny specjalista ds. wizerunku i Public Relations w Enerdze Wytwarzanie,<\/li>\n\n\n\n<li>od stycznia 2017 do kwietnia 2018 &#8211; specjalista ds. instrument\u00f3w pochodnych (derywatyw) OTC w State Street,<\/li>\n\n\n\n<li>od lipca 2016 do grudnia 2016 &#8211; Specjalista ds. sprawozdawczo\u015bci finansowej w Ergo Hestii<\/li>\n\n\n\n<li>od lipca 2015 do kwietnia 2016 &#8211; pracowa\u0142 w Financial Services Audit w KPMG<\/li>\n\n\n\n<li>od sierpnia 2014 do marca 2015 zatrudniony w Meritum Banku jako Asystent w dziale windykacji prawnej.<\/li>\n<\/ul>\n\n\n\n<p class=\"has-text-align-left\">Absolwent Uniwersytetu Gda\u0144skiego na kierunkach: Politologia (specjalizacja: stosunki<\/p>\n\n\n\n<p class=\"has-text-align-left\">mi\u0119dzynarodowe) oraz Ekonomia (specjalizacja: finanse w przedsi\u0119biorstwach). W trakcie studi\u00f3w<\/p>\n\n\n\n<p class=\"has-text-align-left\">zda\u0142 9 egzamin\u00f3w elitarnej mi\u0119dzynarodowej organizacji bran\u017cy finansowej &#8211; ACCA. W lutym 2020 r.<\/p>\n\n\n\n<p class=\"has-text-align-left\">zako\u0144czy\u0142 studia podyplomowe na Collegium Humanum -Szko\u0142a G\u0142\u00f3wna Menad\u017cerska, uzyskuj\u0105c<\/p>\n\n\n\n<p class=\"has-text-align-left\">tytu\u0142 Executive MBA. Od wielu lat zajmuje si\u0119 marketingiem i PR w dzia\u0142alno\u015bci politycznej (Radny Miasta Gdyni) i spo\u0142ecznej NGO. Ma do\u015bwiadczenie w zarz\u0105dzaniu Fundacj\u0105 i realizacji projekt\u00f3w finansowanych ze \u015brodk\u00f3w publicznych.<\/p>\n\n\n\n<p>Od 2018 roku pe\u0142ni mandat radnego Miasta Gdyni.<\/p>\n","protected":false},"excerpt":{"rendered":"<p>Prezes Zarz\u0105du Marek Dudzi\u0144ski, EMBA &#8211; Prezes Zarz\u0105du Fundacji, Absolwent Uniwersytetu Gda\u0144skiego na kierunkach: Politologia (specjalizacja: stosunki mi\u0119dzynarodowe) oraz Ekonomia (specjalizacja: finanse w przedsi\u0119biorstwach). W trakcie studi\u00f3w zda\u0142 9 egzamin\u00f3w elitarnej mi\u0119dzynarodowej organizacji bran\u017cy finansowej &#8211; ACCA. W lutym 2020 r. zako\u0144czy\u0142 studia podyplomowe na Collegium Humanum -Szko\u0142a G\u0142\u00f3wna Menad\u017cerska, [&hellip;]<\/p>\n","protected":false},"author":1,"featured_media":642,"parent":0,"menu_order":0,"comment_status":"closed","ping_status":"closed","template":"","meta":[],"yoast_head":"<!-- This site is optimized with the Yoast SEO plugin v20.6 - https:\/\/yoast.com\/wordpress\/plugins\/seo\/ -->\n<title>Marek Dudzi\u0144ski - Fundacja M\u0142odzi dla Polski Tr&oacute;jmiasto<\/title>\n<meta name=\"robots\" content=\"index, follow, max-snippet:-1, max-image-preview:large, max-video-preview:-1\" \/>\n<link rel=\"canonical\" href=\"https:\/\/www.mdptrojmiasto.org\/index.php\/marek-dudzinski\/\" \/>\n<meta property=\"og:locale\" content=\"pl_PL\" \/>\n<meta property=\"og:type\" content=\"article\" \/>\n<meta property=\"og:title\" content=\"Marek Dudzi\u0144ski - Fundacja M\u0142odzi dla Polski Tr&oacute;jmiasto\" \/>\n<meta property=\"og:description\" content=\"Prezes Zarz\u0105du Marek Dudzi\u0144ski, EMBA &#8211; Prezes Zarz\u0105du Fundacji, Absolwent Uniwersytetu Gda\u0144skiego na kierunkach: Politologia (specjalizacja: stosunki mi\u0119dzynarodowe) oraz Ekonomia (specjalizacja: finanse w przedsi\u0119biorstwach). W trakcie studi\u00f3w zda\u0142 9 egzamin\u00f3w elitarnej mi\u0119dzynarodowej organizacji bran\u017cy finansowej &#8211; ACCA. W lutym 2020 r. zako\u0144czy\u0142 studia podyplomowe na Collegium Humanum -Szko\u0142a G\u0142\u00f3wna Menad\u017cerska, [&hellip;]\" \/>\n<meta property=\"og:url\" content=\"https:\/\/www.mdptrojmiasto.org\/index.php\/marek-dudzinski\/\" \/>\n<meta property=\"og:site_name\" content=\"Fundacja M\u0142odzi dla Polski Tr&oacute;jmiasto\" \/>\n<meta property=\"article:publisher\" content=\"https:\/\/www.facebook.com\/mdptrojmiasto\" \/>\n<meta property=\"article:modified_time\" content=\"2023-05-01T22:34:56+00:00\" \/>\n<meta property=\"og:image\" content=\"https:\/\/www.mdptrojmiasto.org\/wp-content\/uploads\/2023\/04\/16.jpg\" \/>\n\t<meta property=\"og:image:width\" content=\"2048\" \/>\n\t<meta property=\"og:image:height\" content=\"1366\" \/>\n\t<meta property=\"og:image:type\" content=\"image\/jpeg\" \/>\n<meta name=\"twitter:card\" content=\"summary_large_image\" \/>\n<meta name=\"twitter:site\" content=\"@MlodzidlaPolski\" \/>\n<meta name=\"twitter:label1\" content=\"Szacowany czas czytania\" \/>\n\t<meta name=\"twitter:data1\" content=\"1 minuta\" \/>\n<script type=\"application\/ld+json\" class=\"yoast-schema-graph\">{\"@context\":\"https:\/\/schema.org\",\"@graph\":[{\"@type\":\"WebPage\",\"@id\":\"https:\/\/www.mdptrojmiasto.org\/index.php\/marek-dudzinski\/\",\"url\":\"https:\/\/www.mdptrojmiasto.org\/index.php\/marek-dudzinski\/\",\"name\":\"Marek Dudzi\u0144ski - Fundacja M\u0142odzi dla Polski Tr&oacute;jmiasto\",\"isPartOf\":{\"@id\":\"https:\/\/www.mdptrojmiasto.org\/#website\"},\"datePublished\":\"2023-05-01T22:05:53+00:00\",\"dateModified\":\"2023-05-01T22:34:56+00:00\",\"breadcrumb\":{\"@id\":\"https:\/\/www.mdptrojmiasto.org\/index.php\/marek-dudzinski\/#breadcrumb\"},\"inLanguage\":\"pl-PL\",\"potentialAction\":[{\"@type\":\"ReadAction\",\"target\":[\"https:\/\/www.mdptrojmiasto.org\/index.php\/marek-dudzinski\/\"]}]},{\"@type\":\"BreadcrumbList\",\"@id\":\"https:\/\/www.mdptrojmiasto.org\/index.php\/marek-dudzinski\/#breadcrumb\",\"itemListElement\":[{\"@type\":\"ListItem\",\"position\":1,\"name\":\"Strona g\u0142\u00f3wna\",\"item\":\"https:\/\/www.mdptrojmiasto.org\/\"},{\"@type\":\"ListItem\",\"position\":2,\"name\":\"Marek Dudzi\u0144ski\"}]},{\"@type\":\"WebSite\",\"@id\":\"https:\/\/www.mdptrojmiasto.org\/#website\",\"url\":\"https:\/\/www.mdptrojmiasto.org\/\",\"name\":\"Fundacja M\u0142odzi dla Polski Tr&oacute;jmiasto\",\"description\":\"Tworzymy wsp&oacute;lnot\u0119, dbamy o histori\u0119, jeste\u015bmy przysz\u0142o\u015bci\u0105.\",\"publisher\":{\"@id\":\"https:\/\/www.mdptrojmiasto.org\/#organization\"},\"alternateName\":\"M\u0142odzi dla Polski\",\"potentialAction\":[{\"@type\":\"SearchAction\",\"target\":{\"@type\":\"EntryPoint\",\"urlTemplate\":\"https:\/\/www.mdptrojmiasto.org\/?s={search_term_string}\"},\"query-input\":\"required name=search_term_string\"}],\"inLanguage\":\"pl-PL\"},{\"@type\":\"Organization\",\"@id\":\"https:\/\/www.mdptrojmiasto.org\/#organization\",\"name\":\"M\u0142odzi dla Polski Tr\u00f3jmiasto\",\"alternateName\":\"M\u0142odzi dla Polski\",\"url\":\"https:\/\/www.mdptrojmiasto.org\/\",\"logo\":{\"@type\":\"ImageObject\",\"inLanguage\":\"pl-PL\",\"@id\":\"https:\/\/www.mdptrojmiasto.org\/#\/schema\/logo\/image\/\",\"url\":\"https:\/\/www.mdptrojmiasto.org\/wp-content\/uploads\/2023\/02\/cropped-cropped-cropped-MDP_TROJMIASTO_LOGO_3-removebg-preview-e1682971553680.png\",\"contentUrl\":\"https:\/\/www.mdptrojmiasto.org\/wp-content\/uploads\/2023\/02\/cropped-cropped-cropped-MDP_TROJMIASTO_LOGO_3-removebg-preview-e1682971553680.png\",\"width\":419,\"height\":419,\"caption\":\"M\u0142odzi dla Polski Tr\u00f3jmiasto\"},\"image\":{\"@id\":\"https:\/\/www.mdptrojmiasto.org\/#\/schema\/logo\/image\/\"},\"sameAs\":[\"https:\/\/www.facebook.com\/mdptrojmiasto\",\"https:\/\/twitter.com\/MlodzidlaPolski\",\"https:\/\/www.youtube.com\/channel\/UCNbWX3lFH9VJ2Erax_Gkxqg\",\"https:\/\/www.instagram.com\/mlodzidlapolskitrojmiasto\/\"]}]}<\/script>\n<!-- \/ Yoast SEO plugin. -->","yoast_head_json":{"title":"Marek Dudzi\u0144ski - Fundacja M\u0142odzi dla Polski Tr&oacute;jmiasto","robots":{"index":"index","follow":"follow","max-snippet":"max-snippet:-1","max-image-preview":"max-image-preview:large","max-video-preview":"max-video-preview:-1"},"canonical":"https:\/\/www.mdptrojmiasto.org\/index.php\/marek-dudzinski\/","og_locale":"pl_PL","og_type":"article","og_title":"Marek Dudzi\u0144ski - Fundacja M\u0142odzi dla Polski Tr&oacute;jmiasto","og_description":"Prezes Zarz\u0105du Marek Dudzi\u0144ski, EMBA &#8211; Prezes Zarz\u0105du Fundacji, Absolwent Uniwersytetu Gda\u0144skiego na kierunkach: Politologia (specjalizacja: stosunki mi\u0119dzynarodowe) oraz Ekonomia (specjalizacja: finanse w przedsi\u0119biorstwach). W trakcie studi\u00f3w zda\u0142 9 egzamin\u00f3w elitarnej mi\u0119dzynarodowej organizacji bran\u017cy finansowej &#8211; ACCA. W lutym 2020 r. zako\u0144czy\u0142 studia podyplomowe na Collegium Humanum -Szko\u0142a G\u0142\u00f3wna Menad\u017cerska, [&hellip;]","og_url":"https:\/\/www.mdptrojmiasto.org\/index.php\/marek-dudzinski\/","og_site_name":"Fundacja M\u0142odzi dla Polski Tr&oacute;jmiasto","article_publisher":"https:\/\/www.facebook.com\/mdptrojmiasto","article_modified_time":"2023-05-01T22:34:56+00:00","og_image":[{"width":2048,"height":1366,"url":"https:\/\/www.mdptrojmiasto.org\/wp-content\/uploads\/2023\/04\/16.jpg","type":"image\/jpeg"}],"twitter_card":"summary_large_image","twitter_site":"@MlodzidlaPolski","twitter_misc":{"Szacowany czas czytania":"1 minuta"},"schema":{"@context":"https:\/\/schema.org","@graph":[{"@type":"WebPage","@id":"https:\/\/www.mdptrojmiasto.org\/index.php\/marek-dudzinski\/","url":"https:\/\/www.mdptrojmiasto.org\/index.php\/marek-dudzinski\/","name":"Marek Dudzi\u0144ski - Fundacja M\u0142odzi dla Polski Tr&oacute;jmiasto","isPartOf":{"@id":"https:\/\/www.mdptrojmiasto.org\/#website"},"datePublished":"2023-05-01T22:05:53+00:00","dateModified":"2023-05-01T22:34:56+00:00","breadcrumb":{"@id":"https:\/\/www.mdptrojmiasto.org\/index.php\/marek-dudzinski\/#breadcrumb"},"inLanguage":"pl-PL","potentialAction":[{"@type":"ReadAction","target":["https:\/\/www.mdptrojmiasto.org\/index.php\/marek-dudzinski\/"]}]},{"@type":"BreadcrumbList","@id":"https:\/\/www.mdptrojmiasto.org\/index.php\/marek-dudzinski\/#breadcrumb","itemListElement":[{"@type":"ListItem","position":1,"name":"Strona g\u0142\u00f3wna","item":"https:\/\/www.mdptrojmiasto.org\/"},{"@type":"ListItem","position":2,"name":"Marek Dudzi\u0144ski"}]},{"@type":"WebSite","@id":"https:\/\/www.mdptrojmiasto.org\/#website","url":"https:\/\/www.mdptrojmiasto.org\/","name":"Fundacja M\u0142odzi dla Polski Tr&oacute;jmiasto","description":"Tworzymy wsp&oacute;lnot\u0119, dbamy o histori\u0119, jeste\u015bmy przysz\u0142o\u015bci\u0105.","publisher":{"@id":"https:\/\/www.mdptrojmiasto.org\/#organization"},"alternateName":"M\u0142odzi dla Polski","potentialAction":[{"@type":"SearchAction","target":{"@type":"EntryPoint","urlTemplate":"https:\/\/www.mdptrojmiasto.org\/?s={search_term_string}"},"query-input":"required name=search_term_string"}],"inLanguage":"pl-PL"},{"@type":"Organization","@id":"https:\/\/www.mdptrojmiasto.org\/#organization","name":"M\u0142odzi dla Polski Tr\u00f3jmiasto","alternateName":"M\u0142odzi dla Polski","url":"https:\/\/www.mdptrojmiasto.org\/","logo":{"@type":"ImageObject","inLanguage":"pl-PL","@id":"https:\/\/www.mdptrojmiasto.org\/#\/schema\/logo\/image\/","url":"https:\/\/www.mdptrojmiasto.org\/wp-content\/uploads\/2023\/02\/cropped-cropped-cropped-MDP_TROJMIASTO_LOGO_3-removebg-preview-e1682971553680.png","contentUrl":"https:\/\/www.mdptrojmiasto.org\/wp-content\/uploads\/2023\/02\/cropped-cropped-cropped-MDP_TROJMIASTO_LOGO_3-removebg-preview-e1682971553680.png","width":419,"height":419,"caption":"M\u0142odzi dla Polski Tr\u00f3jmiasto"},"image":{"@id":"https:\/\/www.mdptrojmiasto.org\/#\/schema\/logo\/image\/"},"sameAs":["https:\/\/www.facebook.com\/mdptrojmiasto","https:\/\/twitter.com\/MlodzidlaPolski","https:\/\/www.youtube.com\/channel\/UCNbWX3lFH9VJ2Erax_Gkxqg","https:\/\/www.instagram.com\/mlodzidlapolskitrojmiasto\/"]}]}},"_links":{"self":[{"href":"https:\/\/www.mdptrojmiasto.org\/index.php\/wp-json\/wp\/v2\/pages\/782"}],"collection":[{"href":"https:\/\/www.mdptrojmiasto.org\/index.php\/wp-json\/wp\/v2\/pages"}],"about":[{"href":"https:\/\/www.mdptrojmiasto.org\/index.php\/wp-json\/wp\/v2\/types\/page"}],"author":[{"embeddable":true,"href":"https:\/\/www.mdptrojmiasto.org\/index.php\/wp-json\/wp\/v2\/users\/1"}],"replies":[{"embeddable":true,"href":"https:\/\/www.mdptrojmiasto.org\/index.php\/wp-json\/wp\/v2\/comments?post=782"}],"version-history":[{"count":1,"href":"https:\/\/www.mdptrojmiasto.org\/index.php\/wp-json\/wp\/v2\/pages\/782\/revisions"}],"predecessor-version":[{"id":783,"href":"https:\/\/www.mdptrojmiasto.org\/index.php\/wp-json\/wp\/v2\/pages\/782\/revisions\/783"}],"wp:featuredmedia":[{"embeddable":true,"href":"https:\/\/www.mdptrojmiasto.org\/index.php\/wp-json\/wp\/v2\/media\/642"}],"wp:attachment":[{"href":"https:\/\/www.mdptrojmiasto.org\/index.php\/wp-json\/wp\/v2\/media?parent=782"}],"curies":[{"name":"wp","href":"https:\/\/api.w.org\/{rel}","templated":true}]}}