{"id":699,"date":"2023-04-23T13:00:06","date_gmt":"2023-04-23T13:00:06","guid":{"rendered":"https:\/\/www.mdptrojmiasto.org\/?page_id=699"},"modified":"2023-05-03T13:30:37","modified_gmt":"2023-05-03T13:30:37","slug":"projekty","status":"publish","type":"page","link":"https:\/\/www.mdptrojmiasto.org\/index.php\/projekty\/","title":{"rendered":"Projekty"},"content":{"rendered":"\n<div class=\"wp-block-media-text alignwide is-stacked-on-mobile\"><figure class=\"wp-block-media-text__media\"><img decoding=\"async\" loading=\"lazy\" width=\"960\" height=\"502\" src=\"https:\/\/www.mdptrojmiasto.org\/wp-content\/uploads\/2023\/04\/333.jpg\" alt=\"\" class=\"wp-image-668 size-full\" srcset=\"https:\/\/www.mdptrojmiasto.org\/wp-content\/uploads\/2023\/04\/333.jpg 960w, https:\/\/www.mdptrojmiasto.org\/wp-content\/uploads\/2023\/04\/333-300x157.jpg 300w, https:\/\/www.mdptrojmiasto.org\/wp-content\/uploads\/2023\/04\/333-768x402.jpg 768w, https:\/\/www.mdptrojmiasto.org\/wp-content\/uploads\/2023\/04\/333-600x314.jpg 600w\" sizes=\"(max-width: 960px) 100vw, 960px\" \/><\/figure><div class=\"wp-block-media-text__content\">\n<p><strong><a href=\"https:\/\/www.mdptrojmiasto.org\/index.php\/projekty\/koncert-piosenek-jacka-kaczmarskiego-z-okazji-42-rocznicy-porozumien-sierpniowych-sala-bhp\/\">Koncert piosenek Jacka Kaczmarskiego z okazji 42. rocznicy Porozumie\u0144 Sierpniowych Sala BHP<\/a><\/strong><\/p>\n\n\n\n<p>Koncert mia\u0142 na celu uhonorowanie wydarze\u0144 sierpnia 1980 roku, kiedy to rozpocz\u0105\u0142 si\u0119 jeden z najwa\u017cniejszych w historii Polski strajk w Stoczni Gda\u0144skiej. By\u0142 to pocz\u0105tek przemian ustrojowych i zmian rzeczywisto\u015bci PRL i ca\u0142ej Europy \u015arodkowo-Wschodniej.<\/p>\n<\/div><\/div>\n\n\n\n<div class=\"wp-block-media-text alignwide is-stacked-on-mobile\"><figure class=\"wp-block-media-text__media\"><img decoding=\"async\" loading=\"lazy\" width=\"940\" height=\"788\" src=\"https:\/\/www.mdptrojmiasto.org\/wp-content\/uploads\/2023\/04\/1111.jpg\" alt=\"\" class=\"wp-image-303 size-full\" srcset=\"https:\/\/www.mdptrojmiasto.org\/wp-content\/uploads\/2023\/04\/1111.jpg 940w, https:\/\/www.mdptrojmiasto.org\/wp-content\/uploads\/2023\/04\/1111-300x251.jpg 300w, https:\/\/www.mdptrojmiasto.org\/wp-content\/uploads\/2023\/04\/1111-768x644.jpg 768w, https:\/\/www.mdptrojmiasto.org\/wp-content\/uploads\/2023\/04\/1111-600x503.jpg 600w\" sizes=\"(max-width: 940px) 100vw, 940px\" \/><\/figure><div class=\"wp-block-media-text__content\">\n<p><strong>Paczka dla Kombatanta 2022<\/strong><\/p>\n\n\n\n<p>Celem akcji by\u0142o wsparcie kombatant\u00f3w wojennych, kt\u00f3rzy walczyli m.in. podczas II wojny \u015bwiatowej i brali czynny udzia\u0142 w Powstaniu Warszawskim. Bardzo nam zale\u017ca\u0142o na tym, aby kombatanci mogli godnie sp\u0119dzi\u0107 okres \u015bwi\u0105teczny i z rado\u015bci\u0105 wej\u015b\u0107 w Nowy Rok. Z tego powodu przygotowali\u015bmy dla nich paczki, sk\u0142adaj\u0105ce si\u0119 w du\u017cej mierze z artyku\u0142\u00f3w \u017cywno\u015bciowych. Pami\u0119tajmy o naszych Bohaterach, kt\u00f3rzy walczyli o niepodleg\u0142o\u015b\u0107 naszego pa\u0144stwa. To takim ludziom, jak kombatantom mo\u017cemy zawdzi\u0119cza\u0107, to \u017ce \u017cyjemy dzi\u015b w suwerennej Polsce. <\/p>\n<\/div><\/div>\n\n\n\n<div class=\"wp-block-media-text alignwide is-stacked-on-mobile\"><figure class=\"wp-block-media-text__media\"><img decoding=\"async\" loading=\"lazy\" width=\"1024\" height=\"501\" src=\"https:\/\/www.mdptrojmiasto.org\/wp-content\/uploads\/2023\/04\/2222-1024x501.jpg\" alt=\"\" class=\"wp-image-670 size-full\" srcset=\"https:\/\/www.mdptrojmiasto.org\/wp-content\/uploads\/2023\/04\/2222-1024x501.jpg 1024w, https:\/\/www.mdptrojmiasto.org\/wp-content\/uploads\/2023\/04\/2222-300x147.jpg 300w, https:\/\/www.mdptrojmiasto.org\/wp-content\/uploads\/2023\/04\/2222-768x376.jpg 768w, https:\/\/www.mdptrojmiasto.org\/wp-content\/uploads\/2023\/04\/2222-1536x751.jpg 1536w, https:\/\/www.mdptrojmiasto.org\/wp-content\/uploads\/2023\/04\/2222-600x293.jpg 600w, https:\/\/www.mdptrojmiasto.org\/wp-content\/uploads\/2023\/04\/2222.jpg 1750w\" sizes=\"(max-width: 1024px) 100vw, 1024px\" \/><\/figure><div class=\"wp-block-media-text__content\">\n<p><strong>IX Gdy\u0144ski Marsz Pami\u0119ci \u017bo\u0142nierzy Wykl\u0119tych 2022<\/strong><\/p>\n\n\n\n<p>Ju\u017c po raz dziewi\u0105ty w Gdyni ruszy\u0142 Marsz Pami\u0119ci \u017bo\u0142nierzy Wykl\u0119tych. Ten marsz wpisa\u0142 si\u0119 ju\u017c w tradycj\u0119 obchodzenia Narodowego Dnia Pami\u0119ci \u017bo\u0142nierzy Wykl\u0119tych w mie\u015bcie z morza.<\/p>\n<\/div><\/div>\n\n\n\n<div class=\"wp-block-media-text alignwide is-stacked-on-mobile\"><figure class=\"wp-block-media-text__media\"><img decoding=\"async\" loading=\"lazy\" width=\"1024\" height=\"536\" src=\"https:\/\/www.mdptrojmiasto.org\/wp-content\/uploads\/2023\/04\/111-1024x536.jpg\" alt=\"\" class=\"wp-image-671 size-full\" srcset=\"https:\/\/www.mdptrojmiasto.org\/wp-content\/uploads\/2023\/04\/111-1024x536.jpg 1024w, https:\/\/www.mdptrojmiasto.org\/wp-content\/uploads\/2023\/04\/111-300x157.jpg 300w, https:\/\/www.mdptrojmiasto.org\/wp-content\/uploads\/2023\/04\/111-768x402.jpg 768w, https:\/\/www.mdptrojmiasto.org\/wp-content\/uploads\/2023\/04\/111-1536x804.jpg 1536w, https:\/\/www.mdptrojmiasto.org\/wp-content\/uploads\/2023\/04\/111-600x314.jpg 600w, https:\/\/www.mdptrojmiasto.org\/wp-content\/uploads\/2023\/04\/111.jpg 2048w\" sizes=\"(max-width: 1024px) 100vw, 1024px\" \/><\/figure><div class=\"wp-block-media-text__content\">\n<p><strong>Gda\u0144ski Marsz Pami\u0119ci \u017bo\u0142nierzy Wykl\u0119tych 2022<\/strong><\/p>\n\n\n\n<p>Pierwsza od wielu lat reaktywacja Marszu Pami\u0119ci \u017bo\u0142nierzy Wykl\u0119tych.<\/p>\n<\/div><\/div>\n\n\n\n<div class=\"wp-block-media-text alignwide is-stacked-on-mobile\"><figure class=\"wp-block-media-text__media\"><img decoding=\"async\" loading=\"lazy\" width=\"1024\" height=\"577\" src=\"https:\/\/www.mdptrojmiasto.org\/wp-content\/uploads\/2023\/04\/4444-1024x577.jpg\" alt=\"\" class=\"wp-image-672 size-full\" srcset=\"https:\/\/www.mdptrojmiasto.org\/wp-content\/uploads\/2023\/04\/4444-1024x577.jpg 1024w, https:\/\/www.mdptrojmiasto.org\/wp-content\/uploads\/2023\/04\/4444-300x169.jpg 300w, https:\/\/www.mdptrojmiasto.org\/wp-content\/uploads\/2023\/04\/4444-768x433.jpg 768w, https:\/\/www.mdptrojmiasto.org\/wp-content\/uploads\/2023\/04\/4444-600x338.jpg 600w, https:\/\/www.mdptrojmiasto.org\/wp-content\/uploads\/2023\/04\/4444.jpg 1440w\" sizes=\"(max-width: 1024px) 100vw, 1024px\" \/><\/figure><div class=\"wp-block-media-text__content\">\n<p><strong>Pami\u0119ci p\u0142k. I. Oziewicza<\/strong><\/p>\n\n\n\n<p>Pu\u0142kownik piechoty Wojska Polskiego, dow\u00f3dca Narodowych Si\u0142 Zbrojnych, odznaczony m. in. Virtuti Militari, spoczywa na Cmentarzu Witomi\u0144skim. W rocznic\u0119 \u015bmierci oddali\u015bmy ho\u0142d bohaterowi kt\u00f3ry po\u015bwi\u0119ci\u0142 si\u0119 w walce o woln\u0105 i niepodleg\u0142\u0105 Polsk\u0119.<\/p>\n<\/div><\/div>\n\n\n\n<div class=\"wp-block-media-text alignwide is-stacked-on-mobile\"><figure class=\"wp-block-media-text__media\"><img decoding=\"async\" loading=\"lazy\" width=\"960\" height=\"960\" src=\"https:\/\/www.mdptrojmiasto.org\/wp-content\/uploads\/2023\/04\/119786171_1236120033418928_2237366644634654581_n-1.jpg\" alt=\"\" class=\"wp-image-673 size-full\" srcset=\"https:\/\/www.mdptrojmiasto.org\/wp-content\/uploads\/2023\/04\/119786171_1236120033418928_2237366644634654581_n-1.jpg 960w, https:\/\/www.mdptrojmiasto.org\/wp-content\/uploads\/2023\/04\/119786171_1236120033418928_2237366644634654581_n-1-300x300.jpg 300w, https:\/\/www.mdptrojmiasto.org\/wp-content\/uploads\/2023\/04\/119786171_1236120033418928_2237366644634654581_n-1-150x150.jpg 150w, https:\/\/www.mdptrojmiasto.org\/wp-content\/uploads\/2023\/04\/119786171_1236120033418928_2237366644634654581_n-1-768x768.jpg 768w, https:\/\/www.mdptrojmiasto.org\/wp-content\/uploads\/2023\/04\/119786171_1236120033418928_2237366644634654581_n-1-600x600.jpg 600w, https:\/\/www.mdptrojmiasto.org\/wp-content\/uploads\/2023\/04\/119786171_1236120033418928_2237366644634654581_n-1-160x160.jpg 160w\" sizes=\"(max-width: 960px) 100vw, 960px\" \/><\/figure><div class=\"wp-block-media-text__content\">\n<p>Koncert i akcja informacyjna ku czci Witolda Pileckiego pn. \u201e4859 Geniusz, bohater, cz\u0142owiek\u201d z dn. 17 wrze\u015bnia 2020 r. w Muzeum II Wojny \u015awiatowej.<br>Koncert, pomimo pandemii koronawirusa i re\u017cimu sanitarnego okaza\u0142 si\u0119 sporym sukcesem. By\u0142 jednym z najwi\u0119kszych wydarze\u0144 muzycznych na Pomorzu. Na widowni zasiad\u0142o ponad 500 os\u00f3b, ale w kana\u0142ach online koncert zobaczy\u0142o ponad 10 tys. os\u00f3b.<br>Akcja informacyjna poprzedzaj\u0105ca koncert osi\u0105gn\u0119\u0142a ponad 600 tys. udokumentowanego zasi\u0119gu w social mediach.<\/p>\n<\/div><\/div>\n\n\n\n<div class=\"wp-block-media-text alignwide is-stacked-on-mobile\"><figure class=\"wp-block-media-text__media\"><img decoding=\"async\" loading=\"lazy\" width=\"678\" height=\"960\" src=\"https:\/\/www.mdptrojmiasto.org\/wp-content\/uploads\/2023\/04\/aaa.jpg\" alt=\"\" class=\"wp-image-674 size-full\" srcset=\"https:\/\/www.mdptrojmiasto.org\/wp-content\/uploads\/2023\/04\/aaa.jpg 678w, https:\/\/www.mdptrojmiasto.org\/wp-content\/uploads\/2023\/04\/aaa-212x300.jpg 212w, https:\/\/www.mdptrojmiasto.org\/wp-content\/uploads\/2023\/04\/aaa-600x850.jpg 600w\" sizes=\"(max-width: 678px) 100vw, 678px\" \/><\/figure><div class=\"wp-block-media-text__content\">\n<p><strong>VIII Gdy\u0144ski Marsz Pami\u0119ci \u017bo\u0142nierzy Wykl\u0119tych<\/strong><\/p>\n\n\n\n<p>Ju\u017c po raz \u00f3smy w Gdyni ruszy\u0142 Marsz Pami\u0119ci \u017bo\u0142nierzom Wykl\u0119tym. Ten marsz b\u0119dzie powrotem do tradycji obchodzenia Narodowego Dnia Pami\u0119ci \u017bo\u0142nierzy Wykl\u0119tych w Gdyni. Wyruszamy tradycyjnie spod Urz\u0119du Miasta i udajemy si\u0119 wsp\u00f3lnie na Skwerek Ko\u015bciuszki. Organizatorem wydarzenia jest Zwi\u0105zek \u017bo\u0142nierzy Narodowych Si\u0142 Zbrojnych &#8211; Okr\u0119g Pomorski, M\u0142odzie\u017c Wszechpolska &#8211; Okr\u0119g Pomorski oraz M\u0142odzi dla Polski Tr\u00f3jmiasto. Patronat nad wydarzeniem obj\u0119\u0142y nast\u0119puj\u0105ce instytucje: Muzeum II Wojny \u015awiatowej, Instytut Pami\u0119ci Narodowej Oddzia\u0142 w Gda\u0144sku, Pomorski Urz\u0105d Wojew\u00f3dzki oraz media: Gazeta Polska, TVP3 Gda\u0144sk, Radio Gda\u0144sk S. A. Partnerami marszu s\u0105 KoLiber Tr\u00f3jmiasto oraz Klub Gazety Polskiej w Gdyni.<br>Armio Wykl\u0119ta &#8211; Gdynia pami\u0119ta !!!<\/p>\n<\/div><\/div>\n\n\n\n<div class=\"wp-block-media-text alignwide is-stacked-on-mobile\"><figure class=\"wp-block-media-text__media\"><img decoding=\"async\" loading=\"lazy\" width=\"828\" height=\"315\" src=\"https:\/\/www.mdptrojmiasto.org\/wp-content\/uploads\/2023\/04\/4444444.jpg\" alt=\"\" class=\"wp-image-675 size-full\" srcset=\"https:\/\/www.mdptrojmiasto.org\/wp-content\/uploads\/2023\/04\/4444444.jpg 828w, https:\/\/www.mdptrojmiasto.org\/wp-content\/uploads\/2023\/04\/4444444-300x114.jpg 300w, https:\/\/www.mdptrojmiasto.org\/wp-content\/uploads\/2023\/04\/4444444-768x292.jpg 768w, https:\/\/www.mdptrojmiasto.org\/wp-content\/uploads\/2023\/04\/4444444-600x228.jpg 600w\" sizes=\"(max-width: 828px) 100vw, 828px\" \/><\/figure><div class=\"wp-block-media-text__content\">\n<p><strong>Gda\u0144ski Marsz Pileckiego 2017<\/strong><\/p>\n\n\n\n<p>Celem marszu by\u0142o wsp\u00f3lne uczczenie pami\u0119ci jednego z najodwa\u017cniejszych \u017co\u0142nierzy II Rzeczpospolitej. Rotmistrz Witold Pilecki zas\u0142yn\u0105\u0142 podczas II Wojny \u015awiatowej dobrowolnym trafieniem do obozu koncentracyjnego w Auschwitz, gdzie stworzy\u0142 ruch oporu oraz napisa\u0142 tzw. &#8222;Raporty Pileckiego &#8222;. Uciek\u0142, gdy zagrozi\u0142a mu dekonspiracja. \u2013 Po ucieczce walczy\u0142 w Powstaniu Warszawskim, a po jego zako\u0144czeniu trafi\u0142 do obozu jenieckiego. Stamt\u0105d dotar\u0142 do II Korpusu Polskiego gen. Andersa, a nast\u0119pnie z powrotem do Polski, gdzie zajmowa\u0142 si\u0119 tworzeniem kom\u00f3rki wywiadowczej informuj\u0105cej o poczynaniach sowiet\u00f3w w naszym kraju Rotmistrz Witold Pilecki jest znakomitym wzorem do na\u015bladowania nie tylko za wojenne zas\u0142ugi. By\u0142 przede wszystkim kochaj\u0105cym m\u0119\u017cem i ojcem, aktywnym dzia\u0142aczem spo\u0142ecznym, skromn\u0105 osob\u0105. Jednym z cel\u00f3w marszu jest budowania braterstwa w Polskim spo\u0142ecze\u0144stwie wok\u00f3\u0142 postaci Witolda Pileckiego i jego niekwestionowanego autorytetu. Pragniemy ukaza\u0107 \u017cyciorys Rotmistrza Pileckiego, g\u0142\u00f3wnie m\u0142odemu pokoleniu, jako wz\u00f3r godny na\u015bladowania, pokazuj\u0105cy jak wspaniale mo\u017cna prze\u017cy\u0107 swoje \u017cycie, s\u0142u\u017c\u0105c Ojczy\u017anie<\/p>\n<\/div><\/div>\n","protected":false},"excerpt":{"rendered":"<p>Koncert piosenek Jacka Kaczmarskiego z okazji 42. rocznicy Porozumie\u0144 Sierpniowych Sala BHP Koncert mia\u0142 na celu uhonorowanie wydarze\u0144 sierpnia 1980 roku, kiedy to rozpocz\u0105\u0142 si\u0119 jeden z najwa\u017cniejszych w historii Polski strajk w Stoczni Gda\u0144skiej. By\u0142 to pocz\u0105tek przemian ustrojowych i zmian rzeczywisto\u015bci PRL i ca\u0142ej Europy \u015arodkowo-Wschodniej. Paczka dla [&hellip;]<\/p>\n","protected":false},"author":1,"featured_media":645,"parent":0,"menu_order":0,"comment_status":"closed","ping_status":"closed","template":"","meta":[],"yoast_head":"<!-- This site is optimized with the Yoast SEO plugin v20.6 - https:\/\/yoast.com\/wordpress\/plugins\/seo\/ -->\n<title>Projekty - Fundacja M\u0142odzi dla Polski Tr&oacute;jmiasto<\/title>\n<meta name=\"robots\" content=\"index, follow, max-snippet:-1, max-image-preview:large, max-video-preview:-1\" \/>\n<link rel=\"canonical\" href=\"https:\/\/www.mdptrojmiasto.org\/index.php\/projekty\/\" \/>\n<meta property=\"og:locale\" content=\"pl_PL\" \/>\n<meta property=\"og:type\" content=\"article\" \/>\n<meta property=\"og:title\" content=\"Projekty - Fundacja M\u0142odzi dla Polski Tr&oacute;jmiasto\" \/>\n<meta property=\"og:description\" content=\"Koncert piosenek Jacka Kaczmarskiego z okazji 42. rocznicy Porozumie\u0144 Sierpniowych Sala BHP Koncert mia\u0142 na celu uhonorowanie wydarze\u0144 sierpnia 1980 roku, kiedy to rozpocz\u0105\u0142 si\u0119 jeden z najwa\u017cniejszych w historii Polski strajk w Stoczni Gda\u0144skiej. By\u0142 to pocz\u0105tek przemian ustrojowych i zmian rzeczywisto\u015bci PRL i ca\u0142ej Europy \u015arodkowo-Wschodniej. Paczka dla [&hellip;]\" \/>\n<meta property=\"og:url\" content=\"https:\/\/www.mdptrojmiasto.org\/index.php\/projekty\/\" \/>\n<meta property=\"og:site_name\" content=\"Fundacja M\u0142odzi dla Polski Tr&oacute;jmiasto\" \/>\n<meta property=\"article:publisher\" content=\"https:\/\/www.facebook.com\/mdptrojmiasto\" \/>\n<meta property=\"article:modified_time\" content=\"2023-05-03T13:30:37+00:00\" \/>\n<meta property=\"og:image\" content=\"https:\/\/www.mdptrojmiasto.org\/wp-content\/uploads\/2023\/04\/22.jpg\" \/>\n\t<meta property=\"og:image:width\" content=\"2048\" \/>\n\t<meta property=\"og:image:height\" content=\"1536\" \/>\n\t<meta property=\"og:image:type\" content=\"image\/jpeg\" \/>\n<meta name=\"twitter:card\" content=\"summary_large_image\" \/>\n<meta name=\"twitter:site\" content=\"@MlodzidlaPolski\" \/>\n<meta name=\"twitter:label1\" content=\"Szacowany czas czytania\" \/>\n\t<meta name=\"twitter:data1\" content=\"3 minuty\" \/>\n<script type=\"application\/ld+json\" class=\"yoast-schema-graph\">{\"@context\":\"https:\/\/schema.org\",\"@graph\":[{\"@type\":\"WebPage\",\"@id\":\"https:\/\/www.mdptrojmiasto.org\/index.php\/projekty\/\",\"url\":\"https:\/\/www.mdptrojmiasto.org\/index.php\/projekty\/\",\"name\":\"Projekty - Fundacja M\u0142odzi dla Polski Tr&oacute;jmiasto\",\"isPartOf\":{\"@id\":\"https:\/\/www.mdptrojmiasto.org\/#website\"},\"datePublished\":\"2023-04-23T13:00:06+00:00\",\"dateModified\":\"2023-05-03T13:30:37+00:00\",\"breadcrumb\":{\"@id\":\"https:\/\/www.mdptrojmiasto.org\/index.php\/projekty\/#breadcrumb\"},\"inLanguage\":\"pl-PL\",\"potentialAction\":[{\"@type\":\"ReadAction\",\"target\":[\"https:\/\/www.mdptrojmiasto.org\/index.php\/projekty\/\"]}]},{\"@type\":\"BreadcrumbList\",\"@id\":\"https:\/\/www.mdptrojmiasto.org\/index.php\/projekty\/#breadcrumb\",\"itemListElement\":[{\"@type\":\"ListItem\",\"position\":1,\"name\":\"Strona g\u0142\u00f3wna\",\"item\":\"https:\/\/www.mdptrojmiasto.org\/\"},{\"@type\":\"ListItem\",\"position\":2,\"name\":\"Projekty\"}]},{\"@type\":\"WebSite\",\"@id\":\"https:\/\/www.mdptrojmiasto.org\/#website\",\"url\":\"https:\/\/www.mdptrojmiasto.org\/\",\"name\":\"Fundacja M\u0142odzi dla Polski Tr&oacute;jmiasto\",\"description\":\"Tworzymy wsp&oacute;lnot\u0119, dbamy o histori\u0119, jeste\u015bmy przysz\u0142o\u015bci\u0105.\",\"publisher\":{\"@id\":\"https:\/\/www.mdptrojmiasto.org\/#organization\"},\"alternateName\":\"M\u0142odzi dla Polski\",\"potentialAction\":[{\"@type\":\"SearchAction\",\"target\":{\"@type\":\"EntryPoint\",\"urlTemplate\":\"https:\/\/www.mdptrojmiasto.org\/?s={search_term_string}\"},\"query-input\":\"required name=search_term_string\"}],\"inLanguage\":\"pl-PL\"},{\"@type\":\"Organization\",\"@id\":\"https:\/\/www.mdptrojmiasto.org\/#organization\",\"name\":\"M\u0142odzi dla Polski Tr\u00f3jmiasto\",\"alternateName\":\"M\u0142odzi dla Polski\",\"url\":\"https:\/\/www.mdptrojmiasto.org\/\",\"logo\":{\"@type\":\"ImageObject\",\"inLanguage\":\"pl-PL\",\"@id\":\"https:\/\/www.mdptrojmiasto.org\/#\/schema\/logo\/image\/\",\"url\":\"https:\/\/www.mdptrojmiasto.org\/wp-content\/uploads\/2023\/02\/cropped-cropped-cropped-MDP_TROJMIASTO_LOGO_3-removebg-preview-e1682971553680.png\",\"contentUrl\":\"https:\/\/www.mdptrojmiasto.org\/wp-content\/uploads\/2023\/02\/cropped-cropped-cropped-MDP_TROJMIASTO_LOGO_3-removebg-preview-e1682971553680.png\",\"width\":419,\"height\":419,\"caption\":\"M\u0142odzi dla Polski Tr\u00f3jmiasto\"},\"image\":{\"@id\":\"https:\/\/www.mdptrojmiasto.org\/#\/schema\/logo\/image\/\"},\"sameAs\":[\"https:\/\/www.facebook.com\/mdptrojmiasto\",\"https:\/\/twitter.com\/MlodzidlaPolski\",\"https:\/\/www.youtube.com\/channel\/UCNbWX3lFH9VJ2Erax_Gkxqg\",\"https:\/\/www.instagram.com\/mlodzidlapolskitrojmiasto\/\"]}]}<\/script>\n<!-- \/ Yoast SEO plugin. -->","yoast_head_json":{"title":"Projekty - Fundacja M\u0142odzi dla Polski Tr&oacute;jmiasto","robots":{"index":"index","follow":"follow","max-snippet":"max-snippet:-1","max-image-preview":"max-image-preview:large","max-video-preview":"max-video-preview:-1"},"canonical":"https:\/\/www.mdptrojmiasto.org\/index.php\/projekty\/","og_locale":"pl_PL","og_type":"article","og_title":"Projekty - Fundacja M\u0142odzi dla Polski Tr&oacute;jmiasto","og_description":"Koncert piosenek Jacka Kaczmarskiego z okazji 42. rocznicy Porozumie\u0144 Sierpniowych Sala BHP Koncert mia\u0142 na celu uhonorowanie wydarze\u0144 sierpnia 1980 roku, kiedy to rozpocz\u0105\u0142 si\u0119 jeden z najwa\u017cniejszych w historii Polski strajk w Stoczni Gda\u0144skiej. By\u0142 to pocz\u0105tek przemian ustrojowych i zmian rzeczywisto\u015bci PRL i ca\u0142ej Europy \u015arodkowo-Wschodniej. Paczka dla [&hellip;]","og_url":"https:\/\/www.mdptrojmiasto.org\/index.php\/projekty\/","og_site_name":"Fundacja M\u0142odzi dla Polski Tr&oacute;jmiasto","article_publisher":"https:\/\/www.facebook.com\/mdptrojmiasto","article_modified_time":"2023-05-03T13:30:37+00:00","og_image":[{"width":2048,"height":1536,"url":"https:\/\/www.mdptrojmiasto.org\/wp-content\/uploads\/2023\/04\/22.jpg","type":"image\/jpeg"}],"twitter_card":"summary_large_image","twitter_site":"@MlodzidlaPolski","twitter_misc":{"Szacowany czas czytania":"3 minuty"},"schema":{"@context":"https:\/\/schema.org","@graph":[{"@type":"WebPage","@id":"https:\/\/www.mdptrojmiasto.org\/index.php\/projekty\/","url":"https:\/\/www.mdptrojmiasto.org\/index.php\/projekty\/","name":"Projekty - Fundacja M\u0142odzi dla Polski Tr&oacute;jmiasto","isPartOf":{"@id":"https:\/\/www.mdptrojmiasto.org\/#website"},"datePublished":"2023-04-23T13:00:06+00:00","dateModified":"2023-05-03T13:30:37+00:00","breadcrumb":{"@id":"https:\/\/www.mdptrojmiasto.org\/index.php\/projekty\/#breadcrumb"},"inLanguage":"pl-PL","potentialAction":[{"@type":"ReadAction","target":["https:\/\/www.mdptrojmiasto.org\/index.php\/projekty\/"]}]},{"@type":"BreadcrumbList","@id":"https:\/\/www.mdptrojmiasto.org\/index.php\/projekty\/#breadcrumb","itemListElement":[{"@type":"ListItem","position":1,"name":"Strona g\u0142\u00f3wna","item":"https:\/\/www.mdptrojmiasto.org\/"},{"@type":"ListItem","position":2,"name":"Projekty"}]},{"@type":"WebSite","@id":"https:\/\/www.mdptrojmiasto.org\/#website","url":"https:\/\/www.mdptrojmiasto.org\/","name":"Fundacja M\u0142odzi dla Polski Tr&oacute;jmiasto","description":"Tworzymy wsp&oacute;lnot\u0119, dbamy o histori\u0119, jeste\u015bmy przysz\u0142o\u015bci\u0105.","publisher":{"@id":"https:\/\/www.mdptrojmiasto.org\/#organization"},"alternateName":"M\u0142odzi dla Polski","potentialAction":[{"@type":"SearchAction","target":{"@type":"EntryPoint","urlTemplate":"https:\/\/www.mdptrojmiasto.org\/?s={search_term_string}"},"query-input":"required name=search_term_string"}],"inLanguage":"pl-PL"},{"@type":"Organization","@id":"https:\/\/www.mdptrojmiasto.org\/#organization","name":"M\u0142odzi dla Polski Tr\u00f3jmiasto","alternateName":"M\u0142odzi dla Polski","url":"https:\/\/www.mdptrojmiasto.org\/","logo":{"@type":"ImageObject","inLanguage":"pl-PL","@id":"https:\/\/www.mdptrojmiasto.org\/#\/schema\/logo\/image\/","url":"https:\/\/www.mdptrojmiasto.org\/wp-content\/uploads\/2023\/02\/cropped-cropped-cropped-MDP_TROJMIASTO_LOGO_3-removebg-preview-e1682971553680.png","contentUrl":"https:\/\/www.mdptrojmiasto.org\/wp-content\/uploads\/2023\/02\/cropped-cropped-cropped-MDP_TROJMIASTO_LOGO_3-removebg-preview-e1682971553680.png","width":419,"height":419,"caption":"M\u0142odzi dla Polski Tr\u00f3jmiasto"},"image":{"@id":"https:\/\/www.mdptrojmiasto.org\/#\/schema\/logo\/image\/"},"sameAs":["https:\/\/www.facebook.com\/mdptrojmiasto","https:\/\/twitter.com\/MlodzidlaPolski","https:\/\/www.youtube.com\/channel\/UCNbWX3lFH9VJ2Erax_Gkxqg","https:\/\/www.instagram.com\/mlodzidlapolskitrojmiasto\/"]}]}},"_links":{"self":[{"href":"https:\/\/www.mdptrojmiasto.org\/index.php\/wp-json\/wp\/v2\/pages\/699"}],"collection":[{"href":"https:\/\/www.mdptrojmiasto.org\/index.php\/wp-json\/wp\/v2\/pages"}],"about":[{"href":"https:\/\/www.mdptrojmiasto.org\/index.php\/wp-json\/wp\/v2\/types\/page"}],"author":[{"embeddable":true,"href":"https:\/\/www.mdptrojmiasto.org\/index.php\/wp-json\/wp\/v2\/users\/1"}],"replies":[{"embeddable":true,"href":"https:\/\/www.mdptrojmiasto.org\/index.php\/wp-json\/wp\/v2\/comments?post=699"}],"version-history":[{"count":4,"href":"https:\/\/www.mdptrojmiasto.org\/index.php\/wp-json\/wp\/v2\/pages\/699\/revisions"}],"predecessor-version":[{"id":895,"href":"https:\/\/www.mdptrojmiasto.org\/index.php\/wp-json\/wp\/v2\/pages\/699\/revisions\/895"}],"wp:featuredmedia":[{"embeddable":true,"href":"https:\/\/www.mdptrojmiasto.org\/index.php\/wp-json\/wp\/v2\/media\/645"}],"wp:attachment":[{"href":"https:\/\/www.mdptrojmiasto.org\/index.php\/wp-json\/wp\/v2\/media?parent=699"}],"curies":[{"name":"wp","href":"https:\/\/api.w.org\/{rel}","templated":true}]}}