{"id":32,"date":"2023-02-24T16:12:22","date_gmt":"2023-02-24T16:12:22","guid":{"rendered":"http:\/\/www.mdptrojmiasto.org\/?page_id=32"},"modified":"2023-05-03T18:21:13","modified_gmt":"2023-05-03T18:21:13","slug":"mlodzi-dla-polski-trojmiasto","status":"publish","type":"page","link":"https:\/\/www.mdptrojmiasto.org\/","title":{"rendered":"M\u0142odzi dla Polski Tr\u00f3jmiasto"},"content":{"rendered":"\n<div class=\"wp-block-columns container is-layout-flex wp-container-2\">\n<div class=\"wp-block-column col-md-5 is-layout-flow\">\n<h1 class=\"wp-block-heading\">Wesprzyj nas!<\/h1>\n\n\n\n<p>Ka\u017cd\u0105 otrzyman\u0105 darowizn\u0119 przeznaczamy na dzia\u0142alno\u015b\u0107 fundacji M\u0142odzi dla Polski Tr\u00f3jmiasto! Pilnujemy, aby ka\u017cda darowizna przynios\u0142a jak najwi\u0119ksz\u0105 warto\u015b\u0107 dodan\u0105 zar\u00f3wno  Polsce, jak i naszym darczy\u0144com!<\/p>\n\n\n\n<p><strong>Prosimy o wsparcie!<\/strong> To dzi\u0119ki Wam mo\u017cemy robi\u0107 to co robimy!<\/p>\n<\/div>\n<\/div>\n\n\n\n<div class=\"wp-block-columns container is-layout-flex wp-container-4\">\n<div class=\"wp-block-column col-md-5 is-layout-flow\">\n<h2 class=\"wp-block-heading\">&#8222;Darowizna dla Fundacji M\u0142odzi dla Polski Tr\u00f3jmiasto&#8221;<\/h2>\n\n\n\n<h3 class=\"wp-block-heading\">Numer konta: <strong>13 1600 1462 1801 9363 1000 0001<\/strong><\/h3>\n<\/div>\n<\/div>\n\n\n\n<h3 class=\"wp-block-heading\">O Fundacji<\/h3>\n\n\n\n<p>M\u0142odzi dla Polski Tr\u00f3jmiasto to fundacja za\u0142o\u017cona w sierpniu 2018 roku jako odzia\u0142 og\u00f3lnopolskiego <a href=\"https:\/\/www.mlodzidlapolski.pl\/\" target=\"_blank\" rel=\"noreferrer noopener\">Stowarzyszenia<\/a>. Fundacja organizuje r\u00f3\u017cnego rodzaju inicjatywy i projekty na rzecz m\u0142odych ludzi w Tr\u00f3jmie\u015bcie oraz promuje warto\u015bci patriotyczne.<\/p>\n\n\n\n<p>Organizujemy liczne wydarzenia kulturalne, takie jak m.in. koncerty marsze, czy wsp\u00f3\u0142organizujemy wydarzenia sportowe, kt\u00f3re maj\u0105 na celu promowanie dziedzictwa kulturowego Polski oraz rozwijanie zainteresowa\u0144 artystycznych, kulturalnych i historycznych w\u015br\u00f3d m\u0142odych ludzi. <\/p>\n\n\n\n<p>Jednym z najwa\u017cniejszych obszar\u00f3w dzia\u0142alno\u015bci fundacji jest promocja warto\u015bci patriotycznych i historycznych przez wspomniane wy\u017cej wydarzenia kulturalne. Wi\u0119cej o zrealizowanych przez nas projektach mo\u017cna przeczyta\u0107 <a href=\"https:\/\/www.mdptrojmiasto.org\/index.php\/projekty\/\" target=\"_blank\" rel=\"noreferrer noopener\">tu.<\/a><\/p>\n\n\n\n<p>Jeste\u015bmy organizacj\u0105 non-profit. Dzia\u0142amy na rzecz dobra spo\u0142eczno\u015bci lokalnej i m\u0142odzie\u017cy. Dzia\u0142ania fundacji s\u0105 finansowane g\u0142\u00f3wnie ze \u017ar\u00f3de\u0142 zewn\u0119trznych, takich jak granty, dotacje i sponsorzy. Nie mamy wysokich koszt\u00f3w sta\u0142ych, przez co wszelkie otrzymane \u015brodki przeznaczamy na realizowane zadania.<\/p>\n","protected":false},"excerpt":{"rendered":"<p>Wesprzyj nas! Ka\u017cd\u0105 otrzyman\u0105 darowizn\u0119 przeznaczamy na dzia\u0142alno\u015b\u0107 fundacji M\u0142odzi dla Polski Tr\u00f3jmiasto! Pilnujemy, aby ka\u017cda darowizna przynios\u0142a jak najwi\u0119ksz\u0105 warto\u015b\u0107 dodan\u0105 zar\u00f3wno Polsce, jak i naszym darczy\u0144com! Prosimy o wsparcie! To dzi\u0119ki Wam mo\u017cemy robi\u0107 to co robimy! &#8222;Darowizna dla Fundacji M\u0142odzi dla Polski Tr\u00f3jmiasto&#8221; Numer konta: 13 1600 [&hellip;]<\/p>\n","protected":false},"author":1,"featured_media":835,"parent":0,"menu_order":0,"comment_status":"closed","ping_status":"closed","template":"","meta":[],"yoast_head":"<!-- This site is optimized with the Yoast SEO plugin v20.6 - https:\/\/yoast.com\/wordpress\/plugins\/seo\/ -->\n<title>M\u0142odzi dla Polski Tr\u00f3jmiasto - Fundacja M\u0142odzi dla Polski Tr&oacute;jmiasto<\/title>\n<meta name=\"description\" content=\"Oficjalna strona Fundacji M\u0142odzi dla Polski Tr\u00f3jmiasto. Fundacja organizuje r\u00f3\u017cnego rodzaju inicjatywy i projekty na rzecz m\u0142odych ludzi\" \/>\n<meta name=\"robots\" content=\"index, follow, max-snippet:-1, max-image-preview:large, max-video-preview:-1\" \/>\n<link rel=\"canonical\" href=\"https:\/\/www.mdptrojmiasto.org\/\" \/>\n<meta property=\"og:locale\" content=\"pl_PL\" \/>\n<meta property=\"og:type\" content=\"article\" \/>\n<meta property=\"og:title\" content=\"M\u0142odzi dla Polski Tr\u00f3jmiasto - Fundacja M\u0142odzi dla Polski Tr&oacute;jmiasto\" \/>\n<meta property=\"og:description\" content=\"Oficjalna strona Fundacji M\u0142odzi dla Polski Tr\u00f3jmiasto. Fundacja organizuje r\u00f3\u017cnego rodzaju inicjatywy i projekty na rzecz m\u0142odych ludzi\" \/>\n<meta property=\"og:url\" content=\"https:\/\/www.mdptrojmiasto.org\/\" \/>\n<meta property=\"og:site_name\" content=\"Fundacja M\u0142odzi dla Polski Tr&oacute;jmiasto\" \/>\n<meta property=\"article:publisher\" content=\"https:\/\/www.facebook.com\/mdptrojmiasto\" \/>\n<meta property=\"article:modified_time\" content=\"2023-05-03T18:21:13+00:00\" \/>\n<meta property=\"og:image\" content=\"https:\/\/www.mdptrojmiasto.org\/wp-content\/uploads\/2023\/05\/Wesprzyj_nas.jpg\" \/>\n\t<meta property=\"og:image:width\" content=\"1138\" \/>\n\t<meta property=\"og:image:height\" content=\"660\" \/>\n\t<meta property=\"og:image:type\" content=\"image\/jpeg\" \/>\n<meta name=\"twitter:card\" content=\"summary_large_image\" \/>\n<meta name=\"twitter:site\" content=\"@MlodzidlaPolski\" \/>\n<meta name=\"twitter:label1\" content=\"Szacowany czas czytania\" \/>\n\t<meta name=\"twitter:data1\" content=\"2 minuty\" \/>\n<script type=\"application\/ld+json\" class=\"yoast-schema-graph\">{\"@context\":\"https:\/\/schema.org\",\"@graph\":[{\"@type\":\"WebPage\",\"@id\":\"https:\/\/www.mdptrojmiasto.org\/\",\"url\":\"https:\/\/www.mdptrojmiasto.org\/\",\"name\":\"M\u0142odzi dla Polski Tr\u00f3jmiasto - Fundacja M\u0142odzi dla Polski Tr&oacute;jmiasto\",\"isPartOf\":{\"@id\":\"https:\/\/www.mdptrojmiasto.org\/#website\"},\"datePublished\":\"2023-02-24T16:12:22+00:00\",\"dateModified\":\"2023-05-03T18:21:13+00:00\",\"description\":\"Oficjalna strona Fundacji M\u0142odzi dla Polski Tr\u00f3jmiasto. Fundacja organizuje r\u00f3\u017cnego rodzaju inicjatywy i projekty na rzecz m\u0142odych ludzi\",\"breadcrumb\":{\"@id\":\"https:\/\/www.mdptrojmiasto.org\/#breadcrumb\"},\"inLanguage\":\"pl-PL\",\"potentialAction\":[{\"@type\":\"ReadAction\",\"target\":[\"https:\/\/www.mdptrojmiasto.org\/\"]}]},{\"@type\":\"BreadcrumbList\",\"@id\":\"https:\/\/www.mdptrojmiasto.org\/#breadcrumb\",\"itemListElement\":[{\"@type\":\"ListItem\",\"position\":1,\"name\":\"Strona g\u0142\u00f3wna\",\"item\":\"https:\/\/www.mdptrojmiasto.org\/\"},{\"@type\":\"ListItem\",\"position\":2,\"name\":\"M\u0142odzi dla Polski Tr\u00f3jmiasto\"}]},{\"@type\":\"WebSite\",\"@id\":\"https:\/\/www.mdptrojmiasto.org\/#website\",\"url\":\"https:\/\/www.mdptrojmiasto.org\/\",\"name\":\"Fundacja M\u0142odzi dla Polski Tr&oacute;jmiasto\",\"description\":\"Tworzymy wsp&oacute;lnot\u0119, dbamy o histori\u0119, jeste\u015bmy przysz\u0142o\u015bci\u0105.\",\"publisher\":{\"@id\":\"https:\/\/www.mdptrojmiasto.org\/#organization\"},\"alternateName\":\"M\u0142odzi dla Polski\",\"potentialAction\":[{\"@type\":\"SearchAction\",\"target\":{\"@type\":\"EntryPoint\",\"urlTemplate\":\"https:\/\/www.mdptrojmiasto.org\/?s={search_term_string}\"},\"query-input\":\"required name=search_term_string\"}],\"inLanguage\":\"pl-PL\"},{\"@type\":\"Organization\",\"@id\":\"https:\/\/www.mdptrojmiasto.org\/#organization\",\"name\":\"M\u0142odzi dla Polski Tr\u00f3jmiasto\",\"alternateName\":\"M\u0142odzi dla Polski\",\"url\":\"https:\/\/www.mdptrojmiasto.org\/\",\"logo\":{\"@type\":\"ImageObject\",\"inLanguage\":\"pl-PL\",\"@id\":\"https:\/\/www.mdptrojmiasto.org\/#\/schema\/logo\/image\/\",\"url\":\"https:\/\/www.mdptrojmiasto.org\/wp-content\/uploads\/2023\/02\/cropped-cropped-cropped-MDP_TROJMIASTO_LOGO_3-removebg-preview-e1682971553680.png\",\"contentUrl\":\"https:\/\/www.mdptrojmiasto.org\/wp-content\/uploads\/2023\/02\/cropped-cropped-cropped-MDP_TROJMIASTO_LOGO_3-removebg-preview-e1682971553680.png\",\"width\":419,\"height\":419,\"caption\":\"M\u0142odzi dla Polski Tr\u00f3jmiasto\"},\"image\":{\"@id\":\"https:\/\/www.mdptrojmiasto.org\/#\/schema\/logo\/image\/\"},\"sameAs\":[\"https:\/\/www.facebook.com\/mdptrojmiasto\",\"https:\/\/twitter.com\/MlodzidlaPolski\",\"https:\/\/www.youtube.com\/channel\/UCNbWX3lFH9VJ2Erax_Gkxqg\",\"https:\/\/www.instagram.com\/mlodzidlapolskitrojmiasto\/\"]}]}<\/script>\n<!-- \/ Yoast SEO plugin. -->","yoast_head_json":{"title":"M\u0142odzi dla Polski Tr\u00f3jmiasto - Fundacja M\u0142odzi dla Polski Tr&oacute;jmiasto","description":"Oficjalna strona Fundacji M\u0142odzi dla Polski Tr\u00f3jmiasto. Fundacja organizuje r\u00f3\u017cnego rodzaju inicjatywy i projekty na rzecz m\u0142odych ludzi","robots":{"index":"index","follow":"follow","max-snippet":"max-snippet:-1","max-image-preview":"max-image-preview:large","max-video-preview":"max-video-preview:-1"},"canonical":"https:\/\/www.mdptrojmiasto.org\/","og_locale":"pl_PL","og_type":"article","og_title":"M\u0142odzi dla Polski Tr\u00f3jmiasto - Fundacja M\u0142odzi dla Polski Tr&oacute;jmiasto","og_description":"Oficjalna strona Fundacji M\u0142odzi dla Polski Tr\u00f3jmiasto. Fundacja organizuje r\u00f3\u017cnego rodzaju inicjatywy i projekty na rzecz m\u0142odych ludzi","og_url":"https:\/\/www.mdptrojmiasto.org\/","og_site_name":"Fundacja M\u0142odzi dla Polski Tr&oacute;jmiasto","article_publisher":"https:\/\/www.facebook.com\/mdptrojmiasto","article_modified_time":"2023-05-03T18:21:13+00:00","og_image":[{"width":1138,"height":660,"url":"https:\/\/www.mdptrojmiasto.org\/wp-content\/uploads\/2023\/05\/Wesprzyj_nas.jpg","type":"image\/jpeg"}],"twitter_card":"summary_large_image","twitter_site":"@MlodzidlaPolski","twitter_misc":{"Szacowany czas czytania":"2 minuty"},"schema":{"@context":"https:\/\/schema.org","@graph":[{"@type":"WebPage","@id":"https:\/\/www.mdptrojmiasto.org\/","url":"https:\/\/www.mdptrojmiasto.org\/","name":"M\u0142odzi dla Polski Tr\u00f3jmiasto - Fundacja M\u0142odzi dla Polski Tr&oacute;jmiasto","isPartOf":{"@id":"https:\/\/www.mdptrojmiasto.org\/#website"},"datePublished":"2023-02-24T16:12:22+00:00","dateModified":"2023-05-03T18:21:13+00:00","description":"Oficjalna strona Fundacji M\u0142odzi dla Polski Tr\u00f3jmiasto. Fundacja organizuje r\u00f3\u017cnego rodzaju inicjatywy i projekty na rzecz m\u0142odych ludzi","breadcrumb":{"@id":"https:\/\/www.mdptrojmiasto.org\/#breadcrumb"},"inLanguage":"pl-PL","potentialAction":[{"@type":"ReadAction","target":["https:\/\/www.mdptrojmiasto.org\/"]}]},{"@type":"BreadcrumbList","@id":"https:\/\/www.mdptrojmiasto.org\/#breadcrumb","itemListElement":[{"@type":"ListItem","position":1,"name":"Strona g\u0142\u00f3wna","item":"https:\/\/www.mdptrojmiasto.org\/"},{"@type":"ListItem","position":2,"name":"M\u0142odzi dla Polski Tr\u00f3jmiasto"}]},{"@type":"WebSite","@id":"https:\/\/www.mdptrojmiasto.org\/#website","url":"https:\/\/www.mdptrojmiasto.org\/","name":"Fundacja M\u0142odzi dla Polski Tr&oacute;jmiasto","description":"Tworzymy wsp&oacute;lnot\u0119, dbamy o histori\u0119, jeste\u015bmy przysz\u0142o\u015bci\u0105.","publisher":{"@id":"https:\/\/www.mdptrojmiasto.org\/#organization"},"alternateName":"M\u0142odzi dla Polski","potentialAction":[{"@type":"SearchAction","target":{"@type":"EntryPoint","urlTemplate":"https:\/\/www.mdptrojmiasto.org\/?s={search_term_string}"},"query-input":"required name=search_term_string"}],"inLanguage":"pl-PL"},{"@type":"Organization","@id":"https:\/\/www.mdptrojmiasto.org\/#organization","name":"M\u0142odzi dla Polski Tr\u00f3jmiasto","alternateName":"M\u0142odzi dla Polski","url":"https:\/\/www.mdptrojmiasto.org\/","logo":{"@type":"ImageObject","inLanguage":"pl-PL","@id":"https:\/\/www.mdptrojmiasto.org\/#\/schema\/logo\/image\/","url":"https:\/\/www.mdptrojmiasto.org\/wp-content\/uploads\/2023\/02\/cropped-cropped-cropped-MDP_TROJMIASTO_LOGO_3-removebg-preview-e1682971553680.png","contentUrl":"https:\/\/www.mdptrojmiasto.org\/wp-content\/uploads\/2023\/02\/cropped-cropped-cropped-MDP_TROJMIASTO_LOGO_3-removebg-preview-e1682971553680.png","width":419,"height":419,"caption":"M\u0142odzi dla Polski Tr\u00f3jmiasto"},"image":{"@id":"https:\/\/www.mdptrojmiasto.org\/#\/schema\/logo\/image\/"},"sameAs":["https:\/\/www.facebook.com\/mdptrojmiasto","https:\/\/twitter.com\/MlodzidlaPolski","https:\/\/www.youtube.com\/channel\/UCNbWX3lFH9VJ2Erax_Gkxqg","https:\/\/www.instagram.com\/mlodzidlapolskitrojmiasto\/"]}]}},"_links":{"self":[{"href":"https:\/\/www.mdptrojmiasto.org\/index.php\/wp-json\/wp\/v2\/pages\/32"}],"collection":[{"href":"https:\/\/www.mdptrojmiasto.org\/index.php\/wp-json\/wp\/v2\/pages"}],"about":[{"href":"https:\/\/www.mdptrojmiasto.org\/index.php\/wp-json\/wp\/v2\/types\/page"}],"author":[{"embeddable":true,"href":"https:\/\/www.mdptrojmiasto.org\/index.php\/wp-json\/wp\/v2\/users\/1"}],"replies":[{"embeddable":true,"href":"https:\/\/www.mdptrojmiasto.org\/index.php\/wp-json\/wp\/v2\/comments?post=32"}],"version-history":[{"count":26,"href":"https:\/\/www.mdptrojmiasto.org\/index.php\/wp-json\/wp\/v2\/pages\/32\/revisions"}],"predecessor-version":[{"id":924,"href":"https:\/\/www.mdptrojmiasto.org\/index.php\/wp-json\/wp\/v2\/pages\/32\/revisions\/924"}],"wp:featuredmedia":[{"embeddable":true,"href":"https:\/\/www.mdptrojmiasto.org\/index.php\/wp-json\/wp\/v2\/media\/835"}],"wp:attachment":[{"href":"https:\/\/www.mdptrojmiasto.org\/index.php\/wp-json\/wp\/v2\/media?parent=32"}],"curies":[{"name":"wp","href":"https:\/\/api.w.org\/{rel}","templated":true}]}}